{"id":484,"date":"2025-03-29T13:45:42","date_gmt":"2025-03-29T12:45:42","guid":{"rendered":"https:\/\/www.refugium-erlangen.de\/wp\/?page_id=484"},"modified":"2025-10-29T19:17:38","modified_gmt":"2025-10-29T18:17:38","slug":"netzwerk","status":"publish","type":"page","link":"https:\/\/www.refugium-erlangen.de\/wp\/netzwerk\/","title":{"rendered":"Unser Netzwerk"},"content":{"rendered":"\n<p class=\"has-text-align-center has-vivid-cyan-blue-color has-highlight-background-color has-text-color has-background has-link-color wp-elements-90b0ea59f67eeed2f1a91ae14171670e\" style=\"font-size:24px\"><strong>Diese Seite befindet sich noch im Aufbau<\/strong><\/p>\n\n\n\n<p>Refugium-Erlangen e.V. arbeitet vernetzt mit anderen Organisationen, Institutionen, Helferkreisen und Vereinen zusammen:<\/p>\n\n\n\n<figure class=\"wp-block-table is-style-stripes\"><table style=\"border-style:none;border-width:0px\"><tbody><tr><td><img loading=\"lazy\" decoding=\"async\" width=\"150\" height=\"210\" class=\"wp-image-495\" style=\"width: 150px;\" src=\"https:\/\/www.refugium-erlangen.de\/wp\/wp-content\/uploads\/2025\/03\/AIB-ERL.jpg\" alt=\"\"><\/td><td><a href=\"https:\/\/erlangen.de\/themenseite\/mitgestalten\/politik-mitgestalten\/aib\" target=\"_blank\" rel=\"noreferrer noopener\">Ausl\u00e4nder- und Integrationsbeirat (AIB)<\/a><br>Der AIB ist ein Gremium von Mitgliedern mit Migrationsgeschichte. Der Beirat gestaltet seit 1974 die Politik und die Angebote f\u00fcr Migrantinnen in Erlangen mit. Dabei setzen sie sich f\u00fcr die Interessen von Menschen mit Migrationsgeschichte ein \u2013 30 Prozent aller B\u00fcrgerinnen in Erlangen.<\/td><\/tr><tr><td><img loading=\"lazy\" decoding=\"async\" width=\"150\" height=\"97\" class=\"wp-image-577\" style=\"width: 150px;\" src=\"https:\/\/www.refugium-erlangen.de\/wp\/wp-content\/uploads\/2025\/03\/Buergerstiftung-logo.jpg\" alt=\"\"><\/td><td><a href=\"https:\/\/www.buergerstiftung-erlangen.de\/\">B\u00fcrgerstiftung Erlangen<\/a><br>Die B\u00fcrgerstiftung Erlangen unterst\u00fctzt nach dem Motto \u201eB\u00fcrger f\u00fcr B\u00fcrger\u201c Menschen in akuten Notlagen und kooperiert bei besonders komplexen Antr\u00e4gen immer wieder mit Refugium Erlangen e.V.<br><\/td><\/tr><tr><td><img loading=\"lazy\" decoding=\"async\" width=\"150\" height=\"150\" class=\"wp-image-492\" style=\"width: 150px;\" src=\"https:\/\/www.refugium-erlangen.de\/wp\/wp-content\/uploads\/2025\/03\/500_CafeAsyl.jpg\" alt=\"\" srcset=\"https:\/\/www.refugium-erlangen.de\/wp\/wp-content\/uploads\/2025\/03\/500_CafeAsyl.jpg 500w, https:\/\/www.refugium-erlangen.de\/wp\/wp-content\/uploads\/2025\/03\/500_CafeAsyl-300x300.jpg 300w, https:\/\/www.refugium-erlangen.de\/wp\/wp-content\/uploads\/2025\/03\/500_CafeAsyl-150x150.jpg 150w\" sizes=\"auto, (max-width: 150px) 100vw, 150px\" \/><\/td><td><a href=\"https:\/\/stadtteilarbeit-erlangen.de\/die-villa\/cafe-asyl\/\" target=\"_blank\" rel=\"noreferrer noopener\">Caf\u00e9 Villa Erlangen<\/a><br>Das Caf\u00e9 Villa (ehemals Caf\u00e9 Asyl) bietet Gefl\u00fcchteten und Erlanger*innen die Gelegenheit, sich bei Kaffee\/Tee und Kuchen kennenzulernen und in lockerer Atmosph\u00e4re miteinander ins Gespr\u00e4ch zu kommen. Damit wird f\u00fcr etwas Abwechslung und Unterst\u00fctzung im Alltag gesorgt. Erwachsene und ihre Kinder sind herzlich willkommen!<\/td><\/tr><tr><td><img loading=\"lazy\" decoding=\"async\" width=\"112\" height=\"120\" class=\"wp-image-488\" style=\"width: 112px;\" src=\"https:\/\/www.refugium-erlangen.de\/wp\/wp-content\/uploads\/2025\/03\/052c4e86c80547e395b784d47c1b6633.png\" alt=\"\"><\/td><td><a href=\"https:\/\/erlangen.de\/aktuelles\/beratung-flucht-integration\" target=\"_blank\" rel=\"noreferrer noopener\">Fl\u00fcchtlings- und Integrationsberatung bei der Stadt Erlangen<\/a><br>Die Fl\u00fcchtlings- &amp; Integrationsberatung und die Migrationsberatung der Arbeiterwohlfahrt bieten zusammen mit der Stadt Erlangen Beratung und Unterst\u00fctzung f\u00fcr Migrantinnen und Migranten unabh\u00e4ngig von Religion, Geschlecht, sexueller Orientierung oder Nationalit\u00e4t an.<br>Sie unterst\u00fctzen den Integrationsprozess von Menschen mit Migrationshintergrund und ihrer Familienangeh\u00f6rigen nach dem Grundsatz \u201eF\u00f6rdern und Fordern\u201c, um einerseits die Teilhabechancen der Migrantinnen \/Migranten und andererseits das gelebte Miteinander der Menschen mit und ohne Migrationshintergrund in der deutschen Gesellschaft zu st\u00e4rken.<\/td><\/tr><tr><td><\/td><td>Job Center Erlangen<\/td><\/tr><tr><td><\/td><td>Sozialamt<\/td><\/tr><tr><td><img loading=\"lazy\" decoding=\"async\" width=\"150\" height=\"54\" class=\"wp-image-1522\" style=\"width: 150px;\" src=\"https:\/\/www.refugium-erlangen.de\/wp\/wp-content\/uploads\/2025\/07\/Logo-VHS.jpg\" alt=\"\" srcset=\"https:\/\/www.refugium-erlangen.de\/wp\/wp-content\/uploads\/2025\/07\/Logo-VHS.jpg 386w, https:\/\/www.refugium-erlangen.de\/wp\/wp-content\/uploads\/2025\/07\/Logo-VHS-300x109.jpg 300w\" sizes=\"auto, (max-width: 150px) 100vw, 150px\" \/><\/td><td>VHS Erlangen<\/td><\/tr><\/tbody><\/table><\/figure>\n","protected":false},"excerpt":{"rendered":"<p>Diese Seite befindet sich noch im Aufbau Refugium-Erlangen e.V. arbeitet vernetzt mit anderen Organisationen, Institutionen, Helferkreisen und Vereinen zusammen: Ausl\u00e4nder- und Integrationsbeirat (AIB)Der AIB ist [&#8230;]<\/p>\n","protected":false},"author":1,"featured_media":0,"parent":0,"menu_order":0,"comment_status":"closed","ping_status":"closed","template":"","meta":{"footnotes":""},"class_list":["post-484","page","type-page","status-publish","hentry"],"_links":{"self":[{"href":"https:\/\/www.refugium-erlangen.de\/wp\/wp-json\/wp\/v2\/pages\/484","targetHints":{"allow":["GET"]}}],"collection":[{"href":"https:\/\/www.refugium-erlangen.de\/wp\/wp-json\/wp\/v2\/pages"}],"about":[{"href":"https:\/\/www.refugium-erlangen.de\/wp\/wp-json\/wp\/v2\/types\/page"}],"author":[{"embeddable":true,"href":"https:\/\/www.refugium-erlangen.de\/wp\/wp-json\/wp\/v2\/users\/1"}],"replies":[{"embeddable":true,"href":"https:\/\/www.refugium-erlangen.de\/wp\/wp-json\/wp\/v2\/comments?post=484"}],"version-history":[{"count":17,"href":"https:\/\/www.refugium-erlangen.de\/wp\/wp-json\/wp\/v2\/pages\/484\/revisions"}],"predecessor-version":[{"id":1658,"href":"https:\/\/www.refugium-erlangen.de\/wp\/wp-json\/wp\/v2\/pages\/484\/revisions\/1658"}],"wp:attachment":[{"href":"https:\/\/www.refugium-erlangen.de\/wp\/wp-json\/wp\/v2\/media?parent=484"}],"curies":[{"name":"wp","href":"https:\/\/api.w.org\/{rel}","templated":true}]}}