{"id":1967,"date":"2026-03-25T12:25:08","date_gmt":"2026-03-25T11:25:08","guid":{"rendered":"https:\/\/www.refugium-erlangen.de\/wp\/?page_id=1967"},"modified":"2026-04-02T10:54:22","modified_gmt":"2026-04-02T08:54:22","slug":"willkommen-vorstand","status":"publish","type":"page","link":"https:\/\/www.refugium-erlangen.de\/wp\/willkommen-vorstand\/","title":{"rendered":"Willkommen bei Refugium Erlangen e.V."},"content":{"rendered":"\n<figure class=\"wp-block-image alignleft\"><img loading=\"lazy\" decoding=\"async\" width=\"150\" height=\"150\" src=\"https:\/\/www.refugium-erlangen.de\/wp\/wp-content\/uploads\/2025\/03\/rettungsring_refugium_erlangen-large-150x150.png\" alt=\"\" class=\"wp-image-590\" srcset=\"https:\/\/www.refugium-erlangen.de\/wp\/wp-content\/uploads\/2025\/03\/rettungsring_refugium_erlangen-large-150x150.png 150w, https:\/\/www.refugium-erlangen.de\/wp\/wp-content\/uploads\/2025\/03\/rettungsring_refugium_erlangen-large.png 236w\" sizes=\"auto, (max-width: 150px) 100vw, 150px\" \/><\/figure>\n\n\n\n<p>Als&nbsp;ehrenamtlich gef\u00fchrter Verein unterst\u00fctzen wir&nbsp;Gefl\u00fcchtete und Menschen&nbsp;in sozial benachteiligten Lebenslagen&nbsp;bei der Wohnungssuche in der Stadt und Region Erlangen. Wir weisen darauf hin, dass wir \u00fcber keinen eigenen Bestand von Wohnungen verf\u00fcgen.<br>Nach sorgf\u00e4ltiger Einzelpr\u00fcfung helfen wir&nbsp;Gefl\u00fcchteten und Menschen&nbsp;in schwierigen, sozial benachteiligten Lebenslagen, indem wir eine finanzielle Unterst\u00fctzung bei der Mietzahlung oder unterkunftsbezogenen Problemstellungen gew\u00e4hren.<br>Mit diesen&nbsp;Menschen, Familien oder Einzelpersonen, schlie\u00dfen wir einen zeitlich begrenzten F\u00f6rderungsvertrag.&nbsp;Eine obligatorische Voraussetzung daf\u00fcr ist&nbsp;die Bed\u00fcrftigkeit, die durch&nbsp;amtliche Bescheide nachgewiesen sein muss.<br>Eine Verl\u00e4ngerung amtlicher Bescheide zur Bed\u00fcrftigkeit muss durch die unterst\u00fctzten Menschen rechtzeitig bei uns nachgewiesen werden, da wir einen aktuellen Nachweis zur Bed\u00fcrftigkeit ben\u00f6tigen, um unsere Zahlungen an Vermieter\/innen ohne Unterbrechung leisten zu k\u00f6nnen.<\/p>\n\n\n\n<p>Durch die materielle Unterst\u00fctzung f\u00f6rdern wir Hilfsbed\u00fcrftige unabh\u00e4ngig von Religion und ethnischer Zugeh\u00f6rigkeit bei der Integration in unsere Gesellschaft.<br>Wir&nbsp;finanzieren&nbsp;unsere Projekte&nbsp;aus&nbsp;<a href=\"https:\/\/www.refugium-erlangen.de\/wp\/helfen\/\" target=\"_blank\" rel=\"noreferrer noopener\">Mitgliedsbeitr\u00e4gen und Spenden<\/a>. Refugium Erlangen&nbsp;e.V. ist ein gemeinn\u00fctziger und mildt\u00e4tiger Verein. Spenden und die Mitgliedsbeitr\u00e4ge&nbsp;sind steuerlich abzugsf\u00e4hig.&nbsp;<\/p>\n\n\n\n<p><\/p>\n\n\n\n<!--  Anker#Vorstand             -->\n<p id=\"Vorstand\">\n<\/p> <br> <br>\n<!-- ------------------------------>\n\n\n\n<h2 class=\"wp-block-heading is-style-default\">Refugium Vorstand<\/h2>\n\n\n\n<figure class=\"wp-block-table is-style-stripes\"><table class=\"has-fixed-layout\"><tbody><tr><td><img decoding=\"async\" width=\"200\" height=\"\" src=\"https:\/\/www.refugium-erlangen.de\/wp\/wp-content\/uploads\/2025\/07\/Ralf-2025-Refugium_kds_en_190725_4.jpg\" alt=\"\"><\/td><td>\n<img decoding=\"async\" width=\"200\" height=\"\" src=\"https:\/\/www.refugium-erlangen.de\/wp\/wp-content\/uploads\/2025\/07\/Elske-2025-Refugium_kds_en_190725_5.jpg\" alt=\"\"><\/td><td>\n<img decoding=\"async\" width=\"200\" height=\"\" src=\"https:\/\/www.refugium-erlangen.de\/wp\/wp-content\/uploads\/2025\/07\/Gabi-2025-Refugium_kds_en_190725_1.jpg\" alt=\"\"><\/td><td>\n<img decoding=\"async\" width=\"200\" height=\"\" src=\"https:\/\/www.refugium-erlangen.de\/wp\/wp-content\/uploads\/2025\/07\/Hans-2025-Refugium_kds_en_190725_6.jpg\" alt=\"\"><\/td><\/tr><tr><td>Ralf H. Kohlschreiber<br><strong>1. Vorsitzender<\/strong><\/td><td>Dr. Elisabeth Preu\u00df&nbsp;<br><strong>2. Vorsitzende<\/strong><\/td><td>Gabriele Sch\u00f6ner<br><strong>Schatzmeisterin<\/strong><\/td><td>Hans G. Ulrich&nbsp;&nbsp;&nbsp;<br><strong>Schriftf\u00fchrer<\/strong><\/td><\/tr><tr><td>\n<img decoding=\"async\" width=\"200\" height=\"\" src=\"https:\/\/www.refugium-erlangen.de\/wp\/wp-content\/uploads\/2025\/07\/Klaus-2025-Refugium_kds_en_190725_3.jpg\" alt=\"\"><\/td><\/tr><tr><td>Klaus Waldmann<br><strong>Beisitzer<\/strong> <br><strong>Webmaster<\/strong><\/td><td><\/td><td><\/td><td><small><small>Fotos: Klaus-Dieter Schreiter, Erlangen<\/small><\/small><\/td><\/tr><\/tbody><\/table><\/figure>\n\n\n\n<p class=\"has-text-align-right has-small-font-size\"><\/p>\n\n\n\n<p><strong><a href=\"https:\/\/www.refugium-erlangen.de\/impressum-fuer-den-verein-refugium-erlangen-und-vorstand.html\" target=\"_blank\" rel=\"noreferrer noopener\">Postadresse f\u00fcr alle Vorstandsmitglieder<\/a>:<\/strong><\/p>\n\n\n\n<p>Refugium Erlangen e. V.<br>c\/o Evang.-luth. Kirchengemeinde Erlangen<br>Martin-Luther-Kirche<br>Bamberger Stra\u00dfe 18<br>91056 Erlangen<\/p>\n\n\n\n<p class=\"has-medium-font-size\"><strong>Kontakt-E-Mail an alle Vorstandsmitglieder<\/strong><\/p>\n\n\n\n<figure class=\"wp-block-table\"><table class=\"has-fixed-layout\"><tbody><tr><td><br><style id=\"wpforms-css-vars-506\">\n\t\t\t\t#wpforms-506 {\n\t\t\t\t--wpforms-field-size-input-height: 43px;\n--wpforms-field-size-input-spacing: 15px;\n--wpforms-field-size-font-size: 16px;\n--wpforms-field-size-line-height: 19px;\n--wpforms-field-size-padding-h: 14px;\n--wpforms-field-size-checkbox-size: 16px;\n--wpforms-field-size-sublabel-spacing: 5px;\n--wpforms-field-size-icon-size: 1;\n--wpforms-label-size-font-size: 16px;\n--wpforms-label-size-line-height: 19px;\n--wpforms-label-size-sublabel-font-size: 14px;\n--wpforms-label-size-sublabel-line-height: 17px;\n--wpforms-button-size-font-size: 17px;\n--wpforms-button-size-height: 41px;\n--wpforms-button-size-padding-h: 15px;\n--wpforms-button-size-margin-top: 10px;\n--wpforms-container-shadow-size-box-shadow: none;\n\t\t\t}\n\t\t\t<\/style><div class=\"wpforms-container wpforms-container-full wpforms-render-modern\" id=\"wpforms-506\"><form id=\"wpforms-form-506\" class=\"wpforms-validate wpforms-form wpforms-ajax-form\" data-formid=\"506\" method=\"post\" enctype=\"multipart\/form-data\" action=\"\/wp\/wp-json\/wp\/v2\/pages\/1967\" data-token=\"d78cea97b4d2f1fc70243deb8daac53a\" data-token-time=\"1778668838\"><noscript class=\"wpforms-error-noscript\">Bitte aktiviere JavaScript in deinem Browser, um dieses Formular fertigzustellen.<\/noscript><div id=\"wpforms-error-noscript\" style=\"display: none;\">Bitte aktiviere JavaScript in deinem Browser, um dieses Formular fertigzustellen.<\/div><div class=\"wpforms-field-container\"><div id=\"wpforms-506-field_1-container\" class=\"wpforms-field wpforms-field-name\" data-field-id=\"1\"><fieldset><legend class=\"wpforms-field-label\">Name <span class=\"wpforms-required-label\" aria-hidden=\"true\">*<\/span><\/legend><div class=\"wpforms-field-row wpforms-field-medium\"><div class=\"wpforms-field-row-block wpforms-first wpforms-one-half\"><input type=\"text\" id=\"wpforms-506-field_1\" class=\"wpforms-field-name-first wpforms-field-required\" name=\"wpforms[fields][1][first]\" aria-errormessage=\"wpforms-506-field_1-error\" required><label for=\"wpforms-506-field_1\" class=\"wpforms-field-sublabel after\">Vorname<\/label><\/div><div class=\"wpforms-field-row-block wpforms-one-half\"><input type=\"text\" id=\"wpforms-506-field_1-last\" class=\"wpforms-field-name-last wpforms-field-required\" name=\"wpforms[fields][1][last]\" aria-errormessage=\"wpforms-506-field_1-last-error\" required><label for=\"wpforms-506-field_1-last\" class=\"wpforms-field-sublabel after\">Nachname<\/label><\/div><\/div><\/fieldset><\/div>\t\t<div id=\"wpforms-506-field_6-container\"\n\t\t\tclass=\"wpforms-field wpforms-field-text\"\n\t\t\tdata-field-type=\"text\"\n\t\t\tdata-field-id=\"6\"\n\t\t\t>\n\t\t\t<label class=\"wpforms-field-label\" for=\"wpforms-506-field_6\" >Captcha Nachricht DSGVO-Einverst\u00e4ndnis<\/label>\n\t\t\t<input type=\"text\" id=\"wpforms-506-field_6\" class=\"wpforms-field-medium\" name=\"wpforms[fields][6]\" >\n\t\t<\/div>\n\t\t<div id=\"wpforms-506-field_2-container\" class=\"wpforms-field wpforms-field-email\" data-field-id=\"2\"><label class=\"wpforms-field-label\" for=\"wpforms-506-field_2\">E-Mail-Adresse <span class=\"wpforms-required-label\" aria-hidden=\"true\">*<\/span><\/label><input type=\"email\" id=\"wpforms-506-field_2\" class=\"wpforms-field-medium wpforms-field-required\" name=\"wpforms[fields][2]\" spellcheck=\"false\" aria-errormessage=\"wpforms-506-field_2-error\" required><\/div><div id=\"wpforms-506-field_3-container\" class=\"wpforms-field wpforms-field-textarea\" data-field-id=\"3\"><label class=\"wpforms-field-label\" for=\"wpforms-506-field_3\">Kommentar oder Nachricht <span class=\"wpforms-required-label\" aria-hidden=\"true\">*<\/span><\/label><textarea id=\"wpforms-506-field_3\" class=\"wpforms-field-medium wpforms-field-required\" name=\"wpforms[fields][3]\" placeholder=\"Bitte hier ihren Kommentar an uns eingeben\" aria-errormessage=\"wpforms-506-field_3-error\" required><\/textarea><\/div><div id=\"wpforms-506-field_4-container\" class=\"wpforms-field wpforms-field-gdpr-checkbox\" data-field-id=\"4\"><label class=\"wpforms-field-label\">DSGVO-Einverst\u00e4ndnis <span class=\"wpforms-required-label\" aria-hidden=\"true\">*<\/span><\/label><ul id=\"wpforms-506-field_4\" class=\"wpforms-field-required\"><li class=\"choice-1\"><input type=\"checkbox\" id=\"wpforms-506-field_4_1\" name=\"wpforms[fields][4][]\" value=\"Ich willige ein, dass diese Website meine \u00fcbermittelten Informationen speichert, sodass meine Anfrage beantwortet werden kann.\" aria-errormessage=\"wpforms-506-field_4_1-error\" required ><label class=\"wpforms-field-label-inline\" for=\"wpforms-506-field_4_1\">Ich willige ein, dass diese Website meine \u00fcbermittelten Informationen speichert, sodass meine Anfrage beantwortet werden kann.<\/label><\/li><\/ul><\/div><div id=\"wpforms-506-field_5-container\" class=\"wpforms-field wpforms-field-captcha\" data-field-id=\"5\"><label class=\"wpforms-field-label\" for=\"wpforms-506-field_5\">Individuelles Captcha <span class=\"wpforms-required-label\" aria-hidden=\"true\">*<\/span><\/label><p id=\"wpforms-506-field_5-question\" class=\"wpforms-captcha-question\">Was ergibt 7+4?<\/p>\n\t\t<input type=\"text\" id=\"wpforms-506-field_5\" class=\"wpforms-field-medium wpforms-field-required a\" data-rule-wpf-captcha=\"qa\" data-is-wrapped-field=\"1\" data-a=\"11\" name=\"wpforms[fields][5][a]\" aria-errormessage=\"wpforms-506-field_5-error\" aria-describedby=\"wpforms-506-field_5-question\" required>\n\t\t<input type=\"hidden\" name=\"wpforms[fields][5][q]\" value=\"1\">\n\n\t\t<\/div><script>\n\t\t\t\t( function() {\n\t\t\t\t\tconst style = document.createElement( 'style' );\n\t\t\t\t\tstyle.appendChild( document.createTextNode( '#wpforms-506-field_6-container { position: absolute !important; overflow: hidden !important; display: inline !important; height: 1px !important; width: 1px !important; z-index: -1000 !important; padding: 0 !important; } #wpforms-506-field_6-container input { visibility: hidden; } #wpforms-conversational-form-page #wpforms-506-field_6-container label { counter-increment: none; }' ) );\n\t\t\t\t\tdocument.head.appendChild( style );\n\t\t\t\t\tdocument.currentScript?.remove();\n\t\t\t\t} )();\n\t\t\t<\/script><\/div><!-- .wpforms-field-container --><div class=\"wpforms-submit-container\" ><input type=\"hidden\" name=\"wpforms[id]\" value=\"506\"><input type=\"hidden\" name=\"page_title\" value=\"\"><input type=\"hidden\" name=\"page_url\" value=\"https:\/\/www.refugium-erlangen.de\/wp\/wp-json\/wp\/v2\/pages\/1967\"><input type=\"hidden\" name=\"url_referer\" value=\"\"><button type=\"submit\" name=\"wpforms[submit]\" id=\"wpforms-submit-506\" class=\"wpforms-submit\" data-alt-text=\"Wird gesendet\u00a0\u2026\" data-submit-text=\"Absenden\" aria-live=\"assertive\" value=\"wpforms-submit\">Absenden<\/button><img loading=\"lazy\" decoding=\"async\" src=\"https:\/\/www.refugium-erlangen.de\/wp\/wp-content\/plugins\/wpforms\/assets\/images\/submit-spin.svg\" class=\"wpforms-submit-spinner\" style=\"display: none;\" width=\"26\" height=\"26\" alt=\"Wird geladen\"><\/div><\/form><\/div>  <!-- .wpforms-container --><\/td><\/tr><\/tbody><\/table><\/figure>\n\n\n\n<p><\/p>\n","protected":false},"excerpt":{"rendered":"<p>Als&nbsp;ehrenamtlich gef\u00fchrter Verein unterst\u00fctzen wir&nbsp;Gefl\u00fcchtete und Menschen&nbsp;in sozial benachteiligten Lebenslagen&nbsp;bei der Wohnungssuche in der Stadt und Region Erlangen. Wir weisen darauf hin, dass wir \u00fcber [&#8230;]<\/p>\n","protected":false},"author":1,"featured_media":0,"parent":0,"menu_order":0,"comment_status":"closed","ping_status":"closed","template":"","meta":{"footnotes":""},"class_list":["post-1967","page","type-page","status-publish","hentry"],"_links":{"self":[{"href":"https:\/\/www.refugium-erlangen.de\/wp\/wp-json\/wp\/v2\/pages\/1967","targetHints":{"allow":["GET"]}}],"collection":[{"href":"https:\/\/www.refugium-erlangen.de\/wp\/wp-json\/wp\/v2\/pages"}],"about":[{"href":"https:\/\/www.refugium-erlangen.de\/wp\/wp-json\/wp\/v2\/types\/page"}],"author":[{"embeddable":true,"href":"https:\/\/www.refugium-erlangen.de\/wp\/wp-json\/wp\/v2\/users\/1"}],"replies":[{"embeddable":true,"href":"https:\/\/www.refugium-erlangen.de\/wp\/wp-json\/wp\/v2\/comments?post=1967"}],"version-history":[{"count":4,"href":"https:\/\/www.refugium-erlangen.de\/wp\/wp-json\/wp\/v2\/pages\/1967\/revisions"}],"predecessor-version":[{"id":1972,"href":"https:\/\/www.refugium-erlangen.de\/wp\/wp-json\/wp\/v2\/pages\/1967\/revisions\/1972"}],"wp:attachment":[{"href":"https:\/\/www.refugium-erlangen.de\/wp\/wp-json\/wp\/v2\/media?parent=1967"}],"curies":[{"name":"wp","href":"https:\/\/api.w.org\/{rel}","templated":true}]}}